{"id":12331,"date":"2012-07-31T02:16:22","date_gmt":"2012-07-31T02:16:22","guid":{"rendered":"http:\/\/www.pzwinkels.nl\/?page_id=12331&#038;lang=de"},"modified":"2020-08-18T14:03:19","modified_gmt":"2020-08-18T14:03:19","slug":"deaubergine","status":"publish","type":"page","link":"https:\/\/www.pzwinkels.nl\/de\/deaubergine\/","title":{"rendered":"Die Aubergine"},"content":{"rendered":"<p><div class=\"fusion-fullwidth fullwidth-box fusion-builder-row-1 nonhundred-percent-fullwidth non-hundred-percent-height-scrolling\" style=\"--awb-background-position:left top;--awb-border-radius-top-left:0px;--awb-border-radius-top-right:0px;--awb-border-radius-bottom-right:0px;--awb-border-radius-bottom-left:0px;--awb-padding-right:0px;--awb-padding-left:0px;--awb-border-sizes-top:0px;--awb-border-sizes-bottom:0px;--awb-flex-wrap:wrap;\" ><div class=\"fusion-builder-row fusion-row\"><div class=\"fusion-layout-column fusion_builder_column fusion-builder-column-0 fusion_builder_column_1_1 1_1 fusion-one-full fusion-column-first fusion-column-last fusion-column-no-min-height\" style=\"--awb-bg-size:cover;--awb-margin-bottom:0px;\"><div class=\"fusion-column-wrapper fusion-flex-column-wrapper-legacy\"><script type=\"text\/javascript\">jQuery(function() { _initLayerSlider( '#layerslider_11_897ee50qr5xy', {sliderVersion: '', responsiveUnder: 0, layersContainer: 0, hideUnder: 0, hideOver: 100000, pauseOnHover: 'on', skin: 'v5', sliderFadeInDuration: 350, useSrcset: true, skinsPath: 'https:\/\/www.pzwinkels.nl\/wp-content\/plugins\/LayerSlider\/assets\/static\/layerslider\/skins\/', type: 'fullwidth', showCircleTimer: false, performanceMode: true}); });<\/script><div id=\"layerslider_11_897ee50qr5xy\"  class=\"ls-wp-container fitvidsignore ls-selectable\" style=\"width:1400px;height:343px;margin:0 auto;margin-bottom: 0px;\"><div class=\"ls-slide\" data-ls=\"duration:4000;\"><img decoding=\"async\" width=\"1400\" height=\"434\" src=\"https:\/\/www.pzwinkels.nl\/wp-content\/uploads\/2014\/11\/Zwinkels-aubergine-3.jpg\" class=\"ls-bg\" alt=\"\" srcset=\"https:\/\/www.pzwinkels.nl\/wp-content\/uploads\/2014\/11\/Zwinkels-aubergine-3-300x93.jpg 300w, https:\/\/www.pzwinkels.nl\/wp-content\/uploads\/2014\/11\/Zwinkels-aubergine-3-1024x317.jpg 1024w, https:\/\/www.pzwinkels.nl\/wp-content\/uploads\/2014\/11\/Zwinkels-aubergine-3.jpg 1400w\" sizes=\"(max-width: 1400px) 100vw, 1400px\" \/><\/div><\/div><div class=\"fusion-clearfix\"><\/div><\/div><\/div><\/div><\/div><div class=\"fusion-fullwidth fullwidth-box fusion-builder-row-2 hundred-percent-fullwidth non-hundred-percent-height-scrolling\" style=\"--awb-border-radius-top-left:0px;--awb-border-radius-top-right:0px;--awb-border-radius-bottom-right:0px;--awb-border-radius-bottom-left:0px;--awb-overflow:visible;--awb-margin-bottom:30px;--awb-background-color:rgba(255,255,255,0);--awb-flex-wrap:wrap;\" ><div class=\"fusion-builder-row fusion-row\"><div class=\"fusion-layout-column fusion_builder_column fusion-builder-column-1 fusion_builder_column_1_1 1_1 fusion-one-full fusion-column-first fusion-column-last fusion-column-no-min-height\" style=\"--awb-bg-size:cover;--awb-margin-bottom:0px;\"><div class=\"fusion-column-wrapper fusion-flex-column-wrapper-legacy\"><div class=\"fusion-sep-clear\"><\/div><div class=\"fusion-separator fusion-full-width-sep\" style=\"margin-left: auto;margin-right: auto;width:100%;\"><\/div><div class=\"fusion-sep-clear\"><\/div><div class=\"fusion-clearfix\"><\/div><\/div><\/div><\/div><\/div><div class=\"fusion-fullwidth fullwidth-box fusion-builder-row-3 hundred-percent-fullwidth non-hundred-percent-height-scrolling\" style=\"--awb-border-radius-top-left:0px;--awb-border-radius-top-right:0px;--awb-border-radius-bottom-right:0px;--awb-border-radius-bottom-left:0px;--awb-overflow:visible;--awb-flex-wrap:wrap;\" ><div class=\"fusion-builder-row fusion-row\"><div class=\"fusion-layout-column fusion_builder_column fusion-builder-column-2 fusion_builder_column_2_3 2_3 fusion-two-third fusion-column-first\" style=\"--awb-bg-size:cover;width:65.3333%; margin-right: 4%;\"><div class=\"fusion-column-wrapper fusion-flex-column-wrapper-legacy\"><div class=\"fusion-title title fusion-title-1 fusion-title-text fusion-title-size-two\" style=\"--awb-margin-top-small:10px;--awb-margin-right-small:0px;--awb-margin-bottom-small:10px;--awb-margin-left-small:0px;\"><h2 class=\"fusion-title-heading title-heading-left\" style=\"margin:0;\">Die Aubergine<\/h2><span class=\"awb-title-spacer\"><\/span><div class=\"title-sep-container\"><div class=\"title-sep sep-double sep-solid\" style=\"border-color:#e0dede;\"><\/div><\/div><\/div><div class=\"fusion-text fusion-text-1\"><p>Die Aubergine (Solanum melongena) ist eine Pflanze aus der Familie Solanaceae (auch als die Nachtschatten bekannt) und aus dem Geschlecht Solanum.<br \/>\nSie tr\u00e4gt eine Frucht mit dem gleichen Namen, die h\u00e4ufig als Gem\u00fcse in der K\u00fcche verwendet wird. Sie wird in S\u00fcd- und Ostasien seit vorgeschichtlicher Zeit angebaut<br \/>\nund im 16. Jahrhundert wurde die Frucht von den Spaniern und Portugiesen nach Europa gebracht.<\/p>\n<p>Die am h\u00e4ufigsten angebauten, kultivierten Variationen (Cultivars)<br \/>\nin Europa und in Nordamerika sind heutzutage l\u00e4nglich bzw. eif\u00f6rmig, 12-25 cm lang mit einer violettfarbenen Haut. Die Frucht hat einen neutralen Geschmack und erh\u00e4lt<br \/>\nbei der Zubereitung einen intensiveren Geschmack.<\/p>\n<p>Sie l\u00e4sst sich hervorragend mit Basilikum, Knoblauch und Thymian kombinieren. Man kann die Frucht am besten<br \/>\nan einem k\u00fchlen und dunklen Ort aufbewahren, jedoch nicht im K\u00fchlschrank.<\/p>\n<\/div><div class=\"fusion-button-wrapper\"><a class=\"fusion-button button-flat button-large button-custom fusion-button-default button-1 fusion-button-default-span \" style=\"--button_accent_color:#ffffff;--button_accent_hover_color:#ffffff;--button_border_hover_color:#ffffff;--button_border_width-top:1px;--button_border_width-right:1px;--button_border_width-bottom:1px;--button_border_width-left:1px;--button_gradient_top_color:transparent;--button_gradient_bottom_color:transparent;--button_gradient_top_color_hover:#96c346;--button_gradient_bottom_color_hover:#96c346;\" target=\"_blank\" rel=\"noopener noreferrer\" title=\"Bekijk onze heerlijke recepten\" aria-label=\"Bekijk onze heerlijke recepten\" href=\"http:\/\/finest-aubergines.nl\/\"><span class=\"fusion-button-text awb-button__text awb-button__text--default\">Bekijk onze heerlijke recepten<\/span><\/a><\/div><div class=\"fusion-clearfix\"><\/div><\/div><\/div><div class=\"fusion-layout-column fusion_builder_column fusion-builder-column-3 fusion_builder_column_1_3 1_3 fusion-one-third fusion-column-last\" style=\"--awb-bg-size:cover;width:30.6666%;\"><div class=\"fusion-column-wrapper fusion-flex-column-wrapper-legacy\"><div class=\"fusion-title title fusion-title-2 fusion-title-text fusion-title-size-two\" style=\"--awb-margin-top-small:10px;--awb-margin-right-small:0px;--awb-margin-bottom-small:10px;--awb-margin-left-small:0px;\"><h2 class=\"fusion-title-heading title-heading-left\" style=\"margin:0;\">Energiewert 100 Gramm<\/h2><span class=\"awb-title-spacer\"><\/span><div class=\"title-sep-container\"><div class=\"title-sep sep-double sep-solid\" style=\"border-color:#e0dede;\"><\/div><\/div><\/div><div class=\"fusion-text fusion-text-2\"><p><strong>Die Aubergine ist eine sehr gut Quelle von Rohfasern und enth\u00e4lt nur 14 Kcal pro 100 Gramm<\/strong><\/p>\n<ul class=\"arrow\">\n<ul class=\"arrow\">\n<ul class=\"arrow\">\n<li>Kilojoules: 60<\/li>\n<li>Calcium: 10 mg<\/li>\n<li>Eisen: 0,5 mg<\/li>\n<li>Vitamin B1: 0,04 mg<\/li>\n<li>Vitamin C: 4 mg<\/li>\n<li>Vitamin B2: 0,05 mg<\/li>\n<li>Kohlehydrate: 3 g<\/li>\n<li>Karotin (b): 0,03 mg<\/li>\n<\/ul>\n<\/ul>\n<\/ul>\n<\/div><div class=\"fusion-clearfix\"><\/div><\/div><\/div><\/div><\/div><\/p>\n","protected":false},"excerpt":{"rendered":"","protected":false},"author":1,"featured_media":0,"parent":0,"menu_order":0,"comment_status":"open","ping_status":"open","template":"","meta":{"footnotes":""},"class_list":["post-12331","page","type-page","status-publish","hentry"],"_links":{"self":[{"href":"https:\/\/www.pzwinkels.nl\/de\/wp-json\/wp\/v2\/pages\/12331","targetHints":{"allow":["GET"]}}],"collection":[{"href":"https:\/\/www.pzwinkels.nl\/de\/wp-json\/wp\/v2\/pages"}],"about":[{"href":"https:\/\/www.pzwinkels.nl\/de\/wp-json\/wp\/v2\/types\/page"}],"author":[{"embeddable":true,"href":"https:\/\/www.pzwinkels.nl\/de\/wp-json\/wp\/v2\/users\/1"}],"replies":[{"embeddable":true,"href":"https:\/\/www.pzwinkels.nl\/de\/wp-json\/wp\/v2\/comments?post=12331"}],"version-history":[{"count":6,"href":"https:\/\/www.pzwinkels.nl\/de\/wp-json\/wp\/v2\/pages\/12331\/revisions"}],"predecessor-version":[{"id":12687,"href":"https:\/\/www.pzwinkels.nl\/de\/wp-json\/wp\/v2\/pages\/12331\/revisions\/12687"}],"wp:attachment":[{"href":"https:\/\/www.pzwinkels.nl\/de\/wp-json\/wp\/v2\/media?parent=12331"}],"curies":[{"name":"wp","href":"https:\/\/api.w.org\/{rel}","templated":true}]}}